{"id":25,"date":"2020-06-02T08:52:33","date_gmt":"2020-06-02T06:52:33","guid":{"rendered":"http:\/\/caterinabertini.it\/shop\/?page_id=25"},"modified":"2022-05-12T15:24:50","modified_gmt":"2022-05-12T13:24:50","slug":"termini-e-condizioni","status":"publish","type":"page","link":"https:\/\/www.caterinabertini.it\/shop\/termini-e-condizioni\/","title":{"rendered":"Condizioni di Vendita"},"content":{"rendered":"\n<p><strong>1. Contenuto e natura delle Condizioni di Vendita: <\/strong>Le seguenti Condizioni di Vendita disciplinano l&#8217;offerta e la vendita dei prodotti sul sito del Venditore.&nbsp;<\/p>\n\n\n\n<p>Le Condizioni di Vendita sono parte integrante e sostanziale di ciascun contratto di acquisto negoziato on line attraverso il sito del Venditore.<\/p>\n\n\n\n<p>Le Condizioni di Vendita vincolano il Venditore ed il Cliente.<\/p>\n\n\n\n<p>L\u2019invio telematico dell&#8217;ordine implica totale conoscenza delle presenti Condizioni di Vendita e la loro integrale accettazione.<br>In caso di mancata condivisione di una o pi\u00f9 delle Condizioni di Vendita il Cliente dovr\u00e0 astenersi dall\u2019effettuare l\u2019ordine.<\/p>\n\n\n\n<p>2. <strong>Venditore<\/strong>: Michele e Giovanni Bertini s.n.c., P. IVA 00432470482, numero iscrizione nel Registro delle Imprese di Firenze 00432470482, con sede in Via della Balduccia n.30\/32, San Mauro (FI), tel.0558739076,&nbsp; e-mail <a href=\"mailto:info@caterinabertini.it\">info@caterinabertini.it<\/a>, e-mail pec micheleegiovannibertinisnc@pec.it.&nbsp;<\/p>\n\n\n\n<p><strong>3. Cliente<\/strong>: una persona, capace di agire, consumatore finale, che agisca per scopi estranei alla propria attivit\u00e0 imprenditoriale o professionale, giuridica. In difetto di tali requisiti il Venditore si riserva la facolt\u00e0 di non dare esecuzione ad ordini di acquisto.&nbsp;<\/p>\n\n\n\n<p>4. \u200b<strong>Prodotti<\/strong>: Gli articoli in vendita sono prodotti, venduti e contraddistinti da marchi di titolarit\u00e0 del Venditore. Tutti gli articoli sono fatti a mano. La realizzazione a mano dei singoli prodotti comporta la possibilit\u00e0 che vi siano minime differenze di tra un prodotto ed un altro del medesimo modello. Ciascun Prodotto \u00e8 descritto, nelle sue caratteristiche essenziali, nelle schede prodotto. Le immagini ed i colori dei Prodotti potrebbero subire alterazioni per effetto del browser Internet e del monitor utilizzato.&nbsp;<\/p>\n\n\n\n<p><strong>5. Ordine di acquisto e conclusione del contratto di acquisto: <\/strong>Il contratto di acquisto si perfeziona nel momento in cui l\u2019ordine, correttamente compilato, viene ricevuto telematicamente dal Venditore ed il Cliente riceve la conferma dell\u2019ordine da parte del Venditore contenente un riepilogo delle condizioni generali e particolari applicabili al contratto, le informazioni relative alle caratteristiche essenziali del Prodotto e l&#8217;indicazione dettagliata del prezzo, dei mezzi di pagamento, del recesso, dei costi di consegna e dei tributi applicabili.<\/p>\n\n\n\n<p>L\u2019invio dell\u2019ordine implica l\u2019obbligo del Cliente di pagare il Prezzo del Prodotto.<strong>&nbsp;<\/strong><\/p>\n\n\n\n<p>Il Venditore potr\u00e0 rifiutare, con comunicazione via mail, ordini in caso di loro incompletezza o non corretta compilazione, di indisponibilit\u00e0 dei prodotti, di invalidit\u00e0 della transazione a mezzo carta di credito, di ordini di Clienti con i quali siano sorte in precedenza controversie, anche relative al pagamento di un ordine.&nbsp;<\/p>\n\n\n\n<p>I Prodotti resteranno di propriet\u00e0 del Venditore fino all&#8217;avvenuto pagamento del Prezzo da parte del Cliente. Nel caso di mancato pagamento, ovvero di mancata conferma del buon esito del pagamento, il contratto di acquisto si intender\u00e0 risolto di diritto ai sensi e per gli effetti di cui all&#8217;art. 1456 c.c., con conseguente comunicazione mail al Cliente della risoluzione del contratto di acquisto.&nbsp;<\/p>\n\n\n\n<p>La spedizione del Prodotto avverr\u00e0 una volta ricevuta conferma del buon esito del pagamento del Prezzo.&nbsp;<\/p>\n\n\n\n<p><strong>6.<\/strong> <strong>Prezzo<\/strong>: per ciascun prodotto \u00e8 indicato il Prezzo per il singolo pezzo, comprensivo di IVA.&nbsp;<\/p>\n\n\n\n<p>Il Prezzo non comprende il costo della spedizione e trasporto, che saranno chiaramente indicati prima della conferma dell&#8217;ordine.<\/p>\n\n\n\n<p>Il Prezzo non comprende eventuali tasse doganali, di importazione, tasse e le commissioni di mediazione doganali, se applicabili in base alla destinazione dell\u2019ordine, il cui pagamento resta a carico del Cliente.<\/p>\n\n\n\n<p>I Prezzi dei prodotti potrebbero essere soggetti ad aggiornamenti.&nbsp;<\/p>\n\n\n\n<p><strong>7. Modalit\u00e0 di pagamento: <\/strong>Il pagamento del Prodotto avviene attraverso bonifico bancario alle seguenti coordinate: banca INTESA SANPAOLO SPA codice IBAN: IT55H0306938112100000000649, oppure attraverso la piattaforma di&nbsp;PayPal, che accetta pagamenti da conti PayPal e dalle carte di credito: American Express, Visa, Mastercard, Postepay, Carte Prepagate. La piattaforma PayPal \u00e8un sistema di pagamento sicuro e protetto. Il Cliente dovr\u00e0 inserire i dati della propria carta di credito che non potranno essere letti da terzi, ivi compreso il Venditore, che non \u00e8 autorizzato a chiedere o accettare i dati della carta in qualunque momento.<\/p>\n\n\n\n<p><strong>8. Consegna<\/strong>: Il Prodotto viene consegnato al corriere in due 2 (due) giorni, e comunque entro un massimo di 30 (trenta) giorni, dal perfezionamento del contratto di acquisto. Qualora l\u2019articolo non fosse disponibile, verr\u00e0 riprodotto. La consegna del Prodotto \u00e8 affidata al corriere BRT o UPS o DHL, che vi provveder\u00e0 entro pochi giorni, e comunque entro un massimo di 30 (trenta giorni) dal perfezionamento del contratto di acquisto.<\/p>\n\n\n\n<p>Il Venditore declina ogni responsabilit\u00e0 per eventuali ritardi nella consegna ad esso non imputabili.<\/p>\n\n\n\n<p>In caso di mancata consegna del Prodotto per fatto imputabile al Cliente, quest\u2019ultimo risponder\u00e0 comunque dei costi di spedizione.&nbsp;<\/p>\n\n\n\n<p>Prima di sottoscrivere il modulo di accettazione della spedizione, il Cliente dovr\u00e0 verificare le condizioni del pacco, rifiutando la consegna o accettandola con riserva in caso di manomissioni dello stesso.<em>&nbsp;<\/em><\/p>\n\n\n\n<p><strong>9. Diritto di recesso e rimborsi: <\/strong>IlCliente pu\u00f2 recedere dal contratto di acquisto entro quattordici (14) giorni dal giorno in cui ha ricevuto il Prodotto acquistato, senza specificare il motivo e senza penali.<\/p>\n\n\n\n<p>Il recesso \u00e8 esercitato mediante compilazione ed invio telematico con conferma di ricezione all\u2019indirizzo info@caterinabertini.it del modulo \u201cRecesso\u201d allegato, ovvero di altra comunicazione che espliciti chiaramente la decisione di recedere dal contratto, il nome del Prodotto, la data in cui \u00e8 stato ordinato o ricevuto, il nome ed indirizzo del Cliente.<\/p>\n\n\n\n<p>Il Venditore confermer\u00e0 tempestivamente la ricezione della comunicazione di recesso.<\/p>\n\n\n\n<p>Il Prodotto deve essere restituito al Venditore, o al terzo da questi incaricato, entro 14 giorni dalla comunicazione di recesso, nel suo imballaggio originale, insieme a una copia della fattura di acquisto, in condizioni di imballaggio idoneo a conservare inalterate le condizioni del Prodotto. &nbsp;<\/p>\n\n\n\n<p>Il recesso verr\u00e0 confermato solo se il Prodotto reso sia integro, nella stessa condizione in cui \u00e8 stato inviato, privo di manipolazione, senza alterazioni, segni d\u2019uso e senza rimozione di etichette, completo di eventuali accessori, etichette e fogli illustrativi.<\/p>\n\n\n\n<p>Una volta ricevuto il Prodotto reso il Venditore provveder\u00e0 a verificare le condizioni dello stesso e, in caso di recesso esercitato in conformit\u00e0 alle condizioni ed i termini pattuiti, il Venditore proceder\u00e0 a rimborsare le eventuali somme gi\u00e0 incassate per l&#8217;acquisto del Prodotto.<\/p>\n\n\n\n<p>Qualora il Prodotto restituito non sia conforme alle condizioni di restituzione richieste, il Venditore potr\u00e0 non accettare la restituzione del Prodotto, che verr\u00e0 messa a disposizione del Cliente per il suo ritiro a spese di quest\u2019ultimo.&nbsp;<\/p>\n\n\n\n<p>Il rimborso avverr\u00e0, attraverso il medesimo mezzo di pagamento utilizzato dal Cliente per acquistare il Prodotto, entro 14 (quattordici) giorni dal giorno dalla comunicazione di recesso. In ogni caso il Venditore pu\u00f2 trattenere il rimborso finch\u00e9 il Prodotto non sia stato restituito, oppure finch\u00e9 il Cliente non abbia dimostrato di aver rispedito il Prodotto, a seconda di quale situazione si verifichi per prima.<\/p>\n\n\n\n<p>Il Venditore rimborser\u00e0 il valore del Prodotto restituito, al netto delle eventuali spese di importazione e sdoganamento.<\/p>\n\n\n\n<p>Le spese di spedizione di rientro sono a carico del cliente se ci\u00f2 avverr\u00e0 con le modalit\u00e0 espressamente indicate dal Venditore, ivi compresa la responsabilit\u00e0 in caso di smarrimento o danneggiamento del Prodotto.<\/p>\n\n\n\n<p><strong>10. Responsabilit\u00e0: <\/strong>Il Cliente \u00e8 tenuto a fornire dati reali e corretti.&nbsp;<\/p>\n\n\n\n<p>Il Venditore non risponde di ogni conseguenza derivante dalla comunicazione di dati erronei da parte del Cliente.&nbsp;<\/p>\n\n\n\n<p>Il Venditore non risponde di conseguenze pregiudizievoli (ritardi, danni, costi, ecc.) imputabili a causa di forza maggiore che impedissero, in tutto o in parte, di dare esecuzione al contratto nei tempi concordati, n\u00e9 dell\u2019eventuale uso fraudolento ed illecito che possa essere fatto da parte di terzi, dei mezzi di pagamento utilizzati dal Cliente, atteso che tale fase avviene tramite una connessione protetta, non gestita dal Venditore.&nbsp;<\/p>\n\n\n\n<p><strong>11. Garanzia Legale: <\/strong>Tutti i Prodotti venduti sul sito del venditore sono coperti dalla Garanzia Legale di Conformit\u00e0 prevista dagli artt. 128-135 del Decreto Legislativo n. 206\/2005.&nbsp;&nbsp;<\/p>\n\n\n\n<p><strong>12. Legge applicabile e foro competente:<\/strong> Ogni controversia relativa all&#8217;applicazione, esecuzione, interpretazione e violazione dei contratti d&#8217;acquisto \u00e8 soggetta alla legge italiana ed \u00e8 devoluta alla competenza del Foro di residenza del Cliente, se residente nel territorio dello Stato; per le diverse controversie \u00e8 competente il Tribunale di Firenze.<\/p>\n\n\n\n<p><strong>13. Modifiche e aggiornamenti<\/strong>: Il Venditore si riserva il diritto di modificare le Condizioni di Vendita in qualsiasi momento. Il contratto di acquisto \u00e8 disciplinato dalle Condizioni di Vendita pubblicate al momento dell\u2019invio dell\u2019ordine, salvo il sopraggiungere di norme di legge vincolanti aventi efficacia retroattiva.<\/p>\n\n\n\n<div class=\"wp-container-2 wp-block-group\"><div class=\"wp-block-group__inner-container\">\n<div class=\"wp-container-1 wp-block-group\"><div class=\"wp-block-group__inner-container\">\n<div class=\"wp-block-file alignleft\"><a href=\"https:\/\/caterinabertini.it\/shop\/wp-content\/uploads\/2020\/06\/lettera-di-recesso-italiano.pdf\">Lettera di recesso<\/a><a href=\"https:\/\/caterinabertini.it\/shop\/wp-content\/uploads\/2020\/06\/lettera-di-recesso-italiano.pdf\" class=\"wp-block-file__button\" download>Download PDF<\/a><\/div>\n<\/div><\/div>\n<\/div><\/div>\n\n\n\n<p><\/p>\n","protected":false},"excerpt":{"rendered":"<p>1. Contenuto e natura delle Condizioni di Vendita: Le seguenti Condizioni di Vendita disciplinano l&#8217;offerta e la vendita dei prodotti sul sito del Venditore.&nbsp; Le Condizioni di Vendita sono parte integrante e sostanziale di ciascun contratto di acquisto negoziato on line attraverso il sito del Venditore. Le Condizioni di Vendita vincolano il Venditore ed il [&hellip;]<\/p>\n","protected":false},"author":1,"featured_media":0,"parent":0,"menu_order":0,"comment_status":"closed","ping_status":"closed","template":"","meta":[],"_links":{"self":[{"href":"https:\/\/www.caterinabertini.it\/shop\/wp-json\/wp\/v2\/pages\/25\/"}],"collection":[{"href":"https:\/\/www.caterinabertini.it\/shop\/wp-json\/wp\/v2\/pages\/"}],"about":[{"href":"https:\/\/www.caterinabertini.it\/shop\/wp-json\/wp\/v2\/types\/page\/"}],"author":[{"embeddable":true,"href":"https:\/\/www.caterinabertini.it\/shop\/wp-json\/wp\/v2\/users\/1\/"}],"replies":[{"embeddable":true,"href":"https:\/\/www.caterinabertini.it\/shop\/wp-json\/wp\/v2\/comments\/?post=25"}],"version-history":[{"count":11,"href":"https:\/\/www.caterinabertini.it\/shop\/wp-json\/wp\/v2\/pages\/25\/revisions\/"}],"predecessor-version":[{"id":1556,"href":"https:\/\/www.caterinabertini.it\/shop\/wp-json\/wp\/v2\/pages\/25\/revisions\/1556\/"}],"wp:attachment":[{"href":"https:\/\/www.caterinabertini.it\/shop\/wp-json\/wp\/v2\/media\/?parent=25"}],"curies":[{"name":"wp","href":"https:\/\/api.w.org\/{rel}","templated":true}]}}